{"id":2910,"date":"2022-09-04T13:28:34","date_gmt":"2022-09-04T10:28:34","guid":{"rendered":"https:\/\/ceviklerglobal.com\/?page_id=2910"},"modified":"2022-09-04T17:39:39","modified_gmt":"2022-09-04T14:39:39","slug":"tedarik-hizmetleri","status":"publish","type":"page","link":"https:\/\/ceviklerglobal.com\/index.php\/tedarik-hizmetleri\/","title":{"rendered":"Tedarik Hizmetleri"},"content":{"rendered":"\t\t<div data-elementor-type=\"wp-page\" data-elementor-id=\"2910\" class=\"elementor elementor-2910\">\n\t\t\t\t\t\t<div class=\"elementor-inner\">\n\t\t\t\t<div class=\"elementor-section-wrap\">\n\t\t\t\t\t\t\t\t\t<section class=\"elementor-section elementor-top-section elementor-element elementor-element-61bd29e elementor-section-boxed elementor-section-height-default elementor-section-height-default\" data-id=\"61bd29e\" data-element_type=\"section\">\n\t\t\t\t\t\t<div class=\"elementor-container elementor-column-gap-default\">\n\t\t\t\t\t\t\t<div class=\"elementor-row\">\n\t\t\t\t\t<div class=\"aux-parallax-section elementor-column elementor-col-100 elementor-top-column elementor-element elementor-element-31bc4c4\" data-id=\"31bc4c4\" data-element_type=\"column\">\n\t\t\t<div class=\"elementor-column-wrap elementor-element-populated\">\n\t\t\t\t\t\t\t<div class=\"elementor-widget-wrap\">\n\t\t\t\t\t\t<div class=\"elementor-element elementor-element-6d4ff85 aux-appear-watch-animation aux-fade-in-up elementor-widget elementor-widget-aux_modern_heading\" data-id=\"6d4ff85\" data-element_type=\"widget\" data-widget_type=\"aux_modern_heading.default\">\n\t\t\t\t<div class=\"elementor-widget-container\">\n\t\t\t<section class=\"aux-widget-modern-heading\">\n            <div class=\"aux-widget-inner\"><h2 class=\"aux-modern-heading-primary\">  <b>Tedarik <\/b> Hizmetleri \n<\/h2><div class=\"aux-modern-heading-divider\"><\/div><div class=\"aux-modern-heading-description\"><div class=\"standardcopy parbase section\"><div class=\"standard-copy\"><div class=\"standard-copy-left-column\"><div class=\"custom-rte\"><p>Tedarik Y\u00f6netimi kapsam\u0131nda Stratejik Tedarik Y\u00f6netimi, Tedarik\u00e7i \u0130li\u015fkileri Y\u00f6netimi ve Sat\u0131n Alma S\u00fcre\u00e7lerinin Tasar\u0131m\u0131 sunmaktay\u0131z.<\/p><\/div><\/div><\/div><\/div><\/div><\/div>\n        <\/section>\t\t<\/div>\n\t\t\t\t<\/div>\n\t\t\t\t\t\t<\/div>\n\t\t\t\t\t<\/div>\n\t\t<\/div>\n\t\t\t\t\t\t\t\t<\/div>\n\t\t\t\t\t<\/div>\n\t\t<\/section>\n\t\t\t\t<section class=\"elementor-section elementor-top-section elementor-element elementor-element-45b2b55 elementor-section-content-middle elementor-section-boxed elementor-section-height-default elementor-section-height-default\" data-id=\"45b2b55\" data-element_type=\"section\">\n\t\t\t\t\t\t<div class=\"elementor-container elementor-column-gap-no\">\n\t\t\t\t\t\t\t<div class=\"elementor-row\">\n\t\t\t\t\t<div class=\"aux-parallax-section elementor-column elementor-col-50 elementor-top-column elementor-element elementor-element-3d6f125\" data-id=\"3d6f125\" data-element_type=\"column\">\n\t\t\t<div class=\"elementor-column-wrap elementor-element-populated\">\n\t\t\t\t\t\t\t<div class=\"elementor-widget-wrap\">\n\t\t\t\t\t\t<div class=\"elementor-element elementor-element-6f96742 elementor-widget elementor-widget-aux_image\" data-id=\"6f96742\" data-element_type=\"widget\" data-widget_type=\"aux_image.default\">\n\t\t\t\t<div class=\"elementor-widget-container\">\n\t\t\t<section class=\"widget-container aux-widget-image aux-alignnone aux-parent-au83f252be\">\n    <div class=\"aux-media-hint-frame \">\n        <div class=\"aux-media-image \" >\n        \n            \n\n            \n            <img loading=\"lazy\" decoding=\"async\" width=\"1024\" height=\"800\" src=\"image\/gif;base64,R0lGODlhAQABAIAAAAAAAP\/\/\/yH5BAEAAAAALAAAAAABAAEAAAIBRAA7\" class=\"aux-attachment aux-featured-image aux-attachment-id-2915 aux-preload aux-blank\" alt=\"rest 2\" data-ratio=\"1\" data-original-w=\"1600\" sizes=\"auto\" data-srcset=\"https:\/\/ceviklerglobal.com\/wp-content\/uploads\/2022\/09\/rest-2-150x150.png 150w,https:\/\/ceviklerglobal.com\/wp-content\/uploads\/2022\/09\/rest-2-300x300.png 300w,https:\/\/ceviklerglobal.com\/wp-content\/uploads\/2022\/09\/rest-2-768x768.png 768w,https:\/\/ceviklerglobal.com\/wp-content\/uploads\/2022\/09\/rest-2-1024x800.png 1024w,https:\/\/ceviklerglobal.com\/wp-content\/uploads\/2022\/09\/rest-2-1024x800.png 1024w\" data-src=\"https:\/\/ceviklerglobal.com\/wp-content\/uploads\/2022\/09\/rest-2-1024x800.png\" \/>            \n                <\/div>\n    <\/div>\n\n<\/section><!-- widget-container -->\t\t<\/div>\n\t\t\t\t<\/div>\n\t\t\t\t\t\t<\/div>\n\t\t\t\t\t<\/div>\n\t\t<\/div>\n\t\t\t\t<div class=\"aux-parallax-section elementor-column elementor-col-50 elementor-top-column elementor-element elementor-element-7756684\" data-id=\"7756684\" data-element_type=\"column\" data-settings=\"{&quot;background_background&quot;:&quot;classic&quot;}\">\n\t\t\t<div class=\"elementor-column-wrap elementor-element-populated\">\n\t\t\t\t\t\t\t<div class=\"elementor-widget-wrap\">\n\t\t\t\t\t\t<div class=\"elementor-element elementor-element-9eac930 aux-appear-watch-animation aux-fade-in-right elementor-widget elementor-widget-aux_modern_heading\" data-id=\"9eac930\" data-element_type=\"widget\" data-widget_type=\"aux_modern_heading.default\">\n\t\t\t\t<div class=\"elementor-widget-container\">\n\t\t\t<section class=\"aux-widget-modern-heading\">\n            <div class=\"aux-widget-inner\"><h2 class=\"aux-modern-heading-primary\">Stratejik Tedarik Y\u00f6netimi\n<\/h2><div class=\"aux-modern-heading-divider\"><\/div><div class=\"aux-modern-heading-description\"><p>Stratejik tedarik y\u00f6netimi, sat\u0131n al\u0131nan malzeme, \u00fcr\u00fcn ve hizmetlerin toplam maliyetini azalt\u0131rken elde edilen kalitenin ve hizmetin iyile\u015ftirilmesini hedeflemektedir. Ba\u015fka bir deyi\u015fle stratejik tedarik y\u00f6netimi maliyet iyile\u015ftirme ve verimlilik art\u0131rma f\u0131rsatlar\u0131n\u0131n belirlenmesi i\u00e7in yap\u0131lan de\u011ferlendirmeler neticesinde tedarik\u00e7iler ile kurumsal hedeflere ula\u015f\u0131lmas\u0131n\u0131 sa\u011flayacak \u00f6zel s\u00f6zle\u015fmelerin yap\u0131lmas\u0131 s\u00fcrecidir.<br \/><br \/>Stratejik tedarik s\u00fcrecinde ilk a\u015fama malzeme, \u00fcr\u00fcn ve hizmetlerle ilgili beklentilerin net bir \u015fekilde tespit edilmesidir. Bu ad\u0131mda, hammadde ve mamul harcamalar\u0131n\u0131n yan\u0131 s\u0131ra ofis malzemesi, bak\u0131m, g\u00fcvenlik ve da\u011f\u0131t\u0131m gibi t\u00fcm sat\u0131n alma kalemlerinin analizi yap\u0131lmaktad\u0131r. Ard\u0131ndan, mevcut ve muhtemel tedarik\u00e7ilerin detayl\u0131 bir k\u0131yaslamas\u0131 yap\u0131lmakta ve beklentileri kar\u015f\u0131larken en d\u00fc\u015f\u00fck toplam maliyeti sa\u011flayabilen tedarik\u00e7iler se\u00e7ilmektedir. Son a\u015famada ise, tedarik\u00e7ilerin performans\u0131n\u0131n d\u00fczenli olarak takip edilmesini sa\u011flayacak s\u00fcre\u00e7ler geli\u015ftirilerek s\u00fcrekli iyile\u015ftirmenin altyap\u0131s\u0131 haz\u0131rlanmaktad\u0131r.<br \/><br \/>Kaynak bulma (sourcing) ve sat\u0131n alma (procurement) kapsam\u0131na yakla\u015f\u0131m\u0131m\u0131z tedarik\u00e7iler ile fiyat pazarl\u0131klar\u0131 yapman\u0131n \u00e7ok daha \u00f6tesindedir. D\u00fcnya \u00e7ap\u0131nda yapt\u0131\u011f\u0131m\u0131z stratejik tedarik projelerinde kulland\u0131\u011f\u0131m\u0131z ve ba\u015far\u0131s\u0131 kan\u0131tlanm\u0131\u015f olan metodolojimiz, m\u00fc\u015fterilerimizin toplam sat\u0131n alma maliyetlerinin d\u00fc\u015fmesini ve pazara ayak uydurarak tedarik\u00e7iler i\u00e7in \u00e7\u0131tay\u0131 y\u00fcksek tutmalar\u0131n\u0131 sa\u011flamaktad\u0131r.<\/p><\/div><\/div>\n        <\/section>\t\t<\/div>\n\t\t\t\t<\/div>\n\t\t\t\t\t\t<\/div>\n\t\t\t\t\t<\/div>\n\t\t<\/div>\n\t\t\t\t\t\t\t\t<\/div>\n\t\t\t\t\t<\/div>\n\t\t<\/section>\n\t\t\t\t<section class=\"elementor-section elementor-top-section elementor-element elementor-element-6b08613 elementor-section-content-middle elementor-section-boxed elementor-section-height-default elementor-section-height-default\" data-id=\"6b08613\" data-element_type=\"section\">\n\t\t\t\t\t\t<div class=\"elementor-container elementor-column-gap-no\">\n\t\t\t\t\t\t\t<div class=\"elementor-row\">\n\t\t\t\t\t<div class=\"aux-parallax-section elementor-column elementor-col-50 elementor-top-column elementor-element elementor-element-6c04ba8\" data-id=\"6c04ba8\" data-element_type=\"column\">\n\t\t\t<div class=\"elementor-column-wrap elementor-element-populated\">\n\t\t\t\t\t\t\t<div class=\"elementor-widget-wrap\">\n\t\t\t\t\t\t<div class=\"elementor-element elementor-element-ec3bb3d elementor-widget elementor-widget-aux_image\" data-id=\"ec3bb3d\" data-element_type=\"widget\" data-widget_type=\"aux_image.default\">\n\t\t\t\t<div class=\"elementor-widget-container\">\n\t\t\t<section class=\"widget-container aux-widget-image aux-alignnone aux-parent-aue4e153cb\">\n    <div class=\"aux-media-hint-frame \">\n        <div class=\"aux-media-image \" >\n        \n            \n\n            \n            <img loading=\"lazy\" decoding=\"async\" width=\"1024\" height=\"800\" src=\"image\/gif;base64,R0lGODlhAQABAIAAAAAAAP\/\/\/yH5BAEAAAAALAAAAAABAAEAAAIBRAA7\" class=\"aux-attachment aux-featured-image aux-attachment-id-2917 aux-preload aux-blank\" alt=\"rest 3\" data-ratio=\"1\" data-original-w=\"1600\" sizes=\"auto\" data-srcset=\"https:\/\/ceviklerglobal.com\/wp-content\/uploads\/2022\/09\/rest-3-150x150.png 150w,https:\/\/ceviklerglobal.com\/wp-content\/uploads\/2022\/09\/rest-3-300x300.png 300w,https:\/\/ceviklerglobal.com\/wp-content\/uploads\/2022\/09\/rest-3-768x768.png 768w,https:\/\/ceviklerglobal.com\/wp-content\/uploads\/2022\/09\/rest-3-1024x800.png 1024w,https:\/\/ceviklerglobal.com\/wp-content\/uploads\/2022\/09\/rest-3-1024x800.png 1024w\" data-src=\"https:\/\/ceviklerglobal.com\/wp-content\/uploads\/2022\/09\/rest-3-1024x800.png\" \/>            \n                <\/div>\n    <\/div>\n\n<\/section><!-- widget-container -->\t\t<\/div>\n\t\t\t\t<\/div>\n\t\t\t\t\t\t<\/div>\n\t\t\t\t\t<\/div>\n\t\t<\/div>\n\t\t\t\t<div class=\"aux-parallax-section elementor-column elementor-col-50 elementor-top-column elementor-element elementor-element-5b0237b\" data-id=\"5b0237b\" data-element_type=\"column\" data-settings=\"{&quot;background_background&quot;:&quot;classic&quot;}\">\n\t\t\t<div class=\"elementor-column-wrap elementor-element-populated\">\n\t\t\t\t\t\t\t<div class=\"elementor-widget-wrap\">\n\t\t\t\t\t\t<div class=\"elementor-element elementor-element-e3f476a aux-appear-watch-animation aux-fade-in-right elementor-widget elementor-widget-aux_modern_heading\" data-id=\"e3f476a\" data-element_type=\"widget\" data-widget_type=\"aux_modern_heading.default\">\n\t\t\t\t<div class=\"elementor-widget-container\">\n\t\t\t<section class=\"aux-widget-modern-heading\">\n            <div class=\"aux-widget-inner\"><h2 class=\"aux-modern-heading-primary\">Tedarik\u00e7i \u0130li\u015fkileri Y\u00f6netimi\n<\/h2><div class=\"aux-modern-heading-divider\"><\/div><div class=\"aux-modern-heading-description\"><p>Tedarik\u00e7ileri ile etkin ve verimli ili\u015fkiler geli\u015ftiren kurumlar rakiplerine kar\u015f\u0131 giderek artan \u00fcst\u00fcnl\u00fckler edinmektedirler. D\u00fc\u015f\u00fck maliyet, esneklik, \u00fcst\u00fcn kalite ve ek hizmetlerin \u00e7e\u015fitlili\u011fi i\u00e7in kurumlar tedarik\u00e7ileri ile \u00e7ok \u00f6zel \u00e7al\u0131\u015fmalar yapmaktad\u0131rlar. Bu \u00e7al\u0131\u015fmalar\u0131 belli bir \u00e7er\u00e7eveye ta\u015f\u0131yan s\u00fcre\u00e7lerin t\u00fcm\u00fcn\u00fc ifade eden Tedarik\u00e7i \u0130li\u015fkileri Y\u00f6netimi (T\u0130Y), kaynak bulma ve sat\u0131n alman\u0131n \u00f6tesinde, daha farkl\u0131 nitelik gerektiren bir yap\u0131d\u0131r. Sat\u0131n almay\u0131 ili\u015fki y\u00f6netimine d\u00f6n\u00fc\u015ft\u00fcren T\u0130Y\u2019de ama\u00e7, tedarik\u00e7ilerin aktif ve s\u00fcrekli olarak y\u00f6netilmesi ile sa\u011flanan faydan\u0131n sat\u0131n alma fiyat\u0131 tasarruflar\u0131n\u0131n \u00fczerine \u00e7\u0131kar\u0131lmas\u0131d\u0131r.<br \/><br \/>Tedarik\u00e7i ili\u015fkileri y\u00f6netimi (T\u0130Y) \u00e7er\u00e7evesinde, m\u00fc\u015fterilerimize, tedarik\u00e7i ili\u015fkilerini y\u00f6netmek i\u00e7in gerekli k\u0131lavuzlar\u0131n, politikalar\u0131n, s\u00fcre\u00e7lerin ve yetkinliklerin geli\u015ftirilmesinde destek olmaktay\u0131z. Bu \u00e7al\u0131\u015fmalar tedarik\u00e7ilerin gruplara ayr\u0131lmas\u0131n\u0131, y\u00f6netim zaman\u0131n\u0131n tahsisini ve anahtar performans g\u00f6stergelerine odaklan\u0131lmas\u0131n\u0131 i\u00e7ermektedir. Etkili tedarik\u00e7i ili\u015fkileri y\u00f6netimi, stratejik tedarik y\u00f6netimi ve sat\u0131n alma organizasyonun yeniden yap\u0131land\u0131r\u0131lmas\u0131 ile yak\u0131ndan ba\u011flant\u0131l\u0131d\u0131r. S\u00f6zle\u015fme g\u00f6r\u00fc\u015fmeleri ve s\u00fcrekli uyum, tedarik\u00e7i ili\u015fkilerinin anahtar unsurlar\u0131d\u0131r.<\/p><\/div><\/div>\n        <\/section>\t\t<\/div>\n\t\t\t\t<\/div>\n\t\t\t\t\t\t<\/div>\n\t\t\t\t\t<\/div>\n\t\t<\/div>\n\t\t\t\t\t\t\t\t<\/div>\n\t\t\t\t\t<\/div>\n\t\t<\/section>\n\t\t\t\t<section class=\"elementor-section elementor-top-section elementor-element elementor-element-b68d94d elementor-section-content-middle elementor-section-boxed elementor-section-height-default elementor-section-height-default\" data-id=\"b68d94d\" data-element_type=\"section\">\n\t\t\t\t\t\t<div class=\"elementor-container elementor-column-gap-no\">\n\t\t\t\t\t\t\t<div class=\"elementor-row\">\n\t\t\t\t\t<div class=\"aux-parallax-section elementor-column elementor-col-50 elementor-top-column elementor-element elementor-element-912d3a3\" data-id=\"912d3a3\" data-element_type=\"column\">\n\t\t\t<div class=\"elementor-column-wrap elementor-element-populated\">\n\t\t\t\t\t\t\t<div class=\"elementor-widget-wrap\">\n\t\t\t\t\t\t<div class=\"elementor-element elementor-element-3f1e783 elementor-widget elementor-widget-aux_image\" data-id=\"3f1e783\" data-element_type=\"widget\" data-widget_type=\"aux_image.default\">\n\t\t\t\t<div class=\"elementor-widget-container\">\n\t\t\t<section class=\"widget-container aux-widget-image aux-alignnone aux-parent-auc3a0884a\">\n    <div class=\"aux-media-hint-frame \">\n        <div class=\"aux-media-image \" >\n        \n            \n\n            \n            <img loading=\"lazy\" decoding=\"async\" width=\"1024\" height=\"800\" src=\"image\/gif;base64,R0lGODlhAQABAIAAAAAAAP\/\/\/yH5BAEAAAAALAAAAAABAAEAAAIBRAA7\" class=\"aux-attachment aux-featured-image aux-attachment-id-2918 aux-preload aux-blank\" alt=\"rest 3\" data-ratio=\"1\" data-original-w=\"1600\" sizes=\"auto\" data-srcset=\"https:\/\/ceviklerglobal.com\/wp-content\/uploads\/2022\/09\/rest-3-150x150.jpg 150w,https:\/\/ceviklerglobal.com\/wp-content\/uploads\/2022\/09\/rest-3-300x300.jpg 300w,https:\/\/ceviklerglobal.com\/wp-content\/uploads\/2022\/09\/rest-3-768x768.jpg 768w,https:\/\/ceviklerglobal.com\/wp-content\/uploads\/2022\/09\/rest-3-1024x800.jpg 1024w,https:\/\/ceviklerglobal.com\/wp-content\/uploads\/2022\/09\/rest-3-1024x800.jpg 1024w\" data-src=\"https:\/\/ceviklerglobal.com\/wp-content\/uploads\/2022\/09\/rest-3-1024x800.jpg\" \/>            \n                <\/div>\n    <\/div>\n\n<\/section><!-- widget-container -->\t\t<\/div>\n\t\t\t\t<\/div>\n\t\t\t\t\t\t<\/div>\n\t\t\t\t\t<\/div>\n\t\t<\/div>\n\t\t\t\t<div class=\"aux-parallax-section elementor-column elementor-col-50 elementor-top-column elementor-element elementor-element-78d223a\" data-id=\"78d223a\" data-element_type=\"column\" data-settings=\"{&quot;background_background&quot;:&quot;classic&quot;}\">\n\t\t\t<div class=\"elementor-column-wrap elementor-element-populated\">\n\t\t\t\t\t\t\t<div class=\"elementor-widget-wrap\">\n\t\t\t\t\t\t<div class=\"elementor-element elementor-element-10a256a aux-appear-watch-animation aux-fade-in-right elementor-widget elementor-widget-aux_modern_heading\" data-id=\"10a256a\" data-element_type=\"widget\" data-widget_type=\"aux_modern_heading.default\">\n\t\t\t\t<div class=\"elementor-widget-container\">\n\t\t\t<section class=\"aux-widget-modern-heading\">\n            <div class=\"aux-widget-inner\"><h2 class=\"aux-modern-heading-primary\">Sat\u0131n Alma S\u00fcre\u00e7lerinin Tasar\u0131m\u0131\n<\/h2><div class=\"aux-modern-heading-divider\"><\/div><div class=\"aux-modern-heading-description\"><p>Bir\u00e7ok sat\u0131n alma birimi i\u00e7in maliyet azaltma ve tedarik g\u00fcvencesi birincil hedefler olmaya devam etmektedir. \u00d6te yandan, bu s\u00fcre\u00e7te \u00f6nemli sonu\u00e7lar elde etmenin anahtar\u0131, basit ihale ve fiyat de\u011ferlendirmelerinden ziyade, sistematik ve i\u015fbirli\u011fine y\u00f6nelik yakla\u015f\u0131mlar\u0131n geli\u015ftirilmesini gerektirmektedir. Miktar konsolidasyonu, teknik \u00f6zellikler, toplam maliyet analizi, k\u00fcresel tedarik, tedarik\u00e7i ili\u015fkileri, s\u00fcre\u00e7 iyile\u015ftirmeleri ve teknolojinin do\u011fru kullan\u0131m\u0131; kaliteyi ve tedarik\u00e7i performans\u0131n\u0131 art\u0131r\u0131rken d\u0131\u015f harcamalar\u0131 \u00f6nemli \u00f6l\u00e7\u00fcde azaltacakt\u0131r.<br \/><br \/>Deloitte, m\u00fc\u015fterilerinin sat\u0131n alma s\u00fcre\u00e7lerindeki iyile\u015ftirme f\u0131rsatlar\u0131n\u0131n tespiti i\u00e7in 5 a\u015famal\u0131 bir tedarik modeli kullanmakta ve en iyi sat\u0131n alma uygulamalar\u0131 k\u0131yaslamas\u0131 \u00e7al\u0131\u015fmas\u0131n\u0131 y\u00fcr\u00fctmektedir. Bu sayede, s\u00fcre\u00e7teki iyile\u015ftirme f\u0131rsatlar\u0131 net bir bi\u00e7imde ortaya konmakta ve gerekli de\u011fi\u015fiklikler vurgulanmaktad\u0131r. Bu \u00e7al\u0131\u015fman\u0131n devam\u0131nda s\u00fcre\u00e7ler en iyi uygulamalar, pazar ve m\u00fc\u015fteri ihtiya\u00e7lar\u0131 dikkate al\u0131narak tasarlanmaktad\u0131r.<\/p><\/div><\/div>\n        <\/section>\t\t<\/div>\n\t\t\t\t<\/div>\n\t\t\t\t\t\t<\/div>\n\t\t\t\t\t<\/div>\n\t\t<\/div>\n\t\t\t\t\t\t\t\t<\/div>\n\t\t\t\t\t<\/div>\n\t\t<\/section>\n\t\t\t\t<section class=\"elementor-section elementor-top-section elementor-element elementor-element-466a185 elementor-section-boxed elementor-section-height-default elementor-section-height-default\" data-id=\"466a185\" data-element_type=\"section\">\n\t\t\t\t\t\t<div class=\"elementor-container elementor-column-gap-default\">\n\t\t\t\t\t\t\t<div class=\"elementor-row\">\n\t\t\t\t\t<div class=\"aux-parallax-section elementor-column elementor-col-100 elementor-top-column elementor-element elementor-element-1a4d7dd\" data-id=\"1a4d7dd\" data-element_type=\"column\">\n\t\t\t<div class=\"elementor-column-wrap\">\n\t\t\t\t\t\t\t<div class=\"elementor-widget-wrap\">\n\t\t\t\t\t\t\t\t<\/div>\n\t\t\t\t\t<\/div>\n\t\t<\/div>\n\t\t\t\t\t\t\t\t<\/div>\n\t\t\t\t\t<\/div>\n\t\t<\/section>\n\t\t\t\t<section class=\"elementor-section elementor-top-section elementor-element elementor-element-0030fd5 elementor-section-boxed elementor-section-height-default elementor-section-height-default\" data-id=\"0030fd5\" data-element_type=\"section\">\n\t\t\t\t\t\t<div class=\"elementor-container elementor-column-gap-default\">\n\t\t\t\t\t\t\t<div class=\"elementor-row\">\n\t\t\t\t\t<div class=\"aux-parallax-section elementor-column elementor-col-100 elementor-top-column elementor-element elementor-element-69d9b89\" data-id=\"69d9b89\" data-element_type=\"column\">\n\t\t\t<div class=\"elementor-column-wrap elementor-element-populated\">\n\t\t\t\t\t\t\t<div class=\"elementor-widget-wrap\">\n\t\t\t\t\t\t<div class=\"elementor-element elementor-element-6560ce1 aux-appear-watch-animation aux-fade-in-up elementor-widget elementor-widget-aux_modern_heading\" data-id=\"6560ce1\" data-element_type=\"widget\" data-widget_type=\"aux_modern_heading.default\">\n\t\t\t\t<div class=\"elementor-widget-container\">\n\t\t\t<section class=\"aux-widget-modern-heading\">\n            <div class=\"aux-widget-inner\"><h2 class=\"aux-modern-heading-primary\"> <b>  Tedarik <\/b> Hizmetleri<\/b> \u0130\u00e7in<\/h2><div class=\"aux-modern-heading-divider\"><\/div><\/div>\n        <\/section>\t\t<\/div>\n\t\t\t\t<\/div>\n\t\t\t\t<div class=\"elementor-element elementor-element-5e3f38a elementor-widget elementor-widget-prim_basic_button\" data-id=\"5e3f38a\" data-element_type=\"widget\" data-widget_type=\"prim_basic_button.default\">\n\t\t\t\t<div class=\"elementor-widget-container\">\n\t\t\t<div class=\"napae-btn-wrap\"><a href=\"https:\/\/ceviklerglobal.com\/index.php\/iletisim\/\" class=\"napae-btn\"  >Bize Ula\u015f\u0131n<\/a><\/div>\t\t<\/div>\n\t\t\t\t<\/div>\n\t\t\t\t\t\t<\/div>\n\t\t\t\t\t<\/div>\n\t\t<\/div>\n\t\t\t\t\t\t\t\t<\/div>\n\t\t\t\t\t<\/div>\n\t\t<\/section>\n\t\t\t\t\t\t\t\t\t<\/div>\n\t\t\t<\/div>\n\t\t\t\t\t<\/div>\n\t\t","protected":false},"excerpt":{"rendered":"<p>Tedarik Hizmetleri Tedarik Y\u00f6netimi kapsam\u0131nda Stratejik Tedarik Y\u00f6netimi, Tedarik\u00e7i \u0130li\u015fkileri Y\u00f6netimi ve Sat\u0131n Alma S\u00fcre\u00e7lerinin Tasar\u0131m\u0131 sunmaktay\u0131z. Stratejik Tedarik Y\u00f6netimi Stratejik tedarik y\u00f6netimi, sat\u0131n al\u0131nan malzeme, \u00fcr\u00fcn ve hizmetlerin toplam maliyetini azalt\u0131rken elde edilen kalitenin ve hizmetin iyile\u015ftirilmesini hedeflemektedir. Ba\u015fka bir deyi\u015fle stratejik tedarik y\u00f6netimi maliyet iyile\u015ftirme ve verimlilik art\u0131rma f\u0131rsatlar\u0131n\u0131n belirlenmesi i\u00e7in yap\u0131lan de\u011ferlendirmeler&#8230;<\/p>\n","protected":false},"author":1,"featured_media":0,"parent":0,"menu_order":0,"comment_status":"closed","ping_status":"closed","template":"","meta":{"footnotes":""},"class_list":["post-2910","page","type-page","status-publish","hentry"],"_links":{"self":[{"href":"https:\/\/ceviklerglobal.com\/index.php\/wp-json\/wp\/v2\/pages\/2910","targetHints":{"allow":["GET"]}}],"collection":[{"href":"https:\/\/ceviklerglobal.com\/index.php\/wp-json\/wp\/v2\/pages"}],"about":[{"href":"https:\/\/ceviklerglobal.com\/index.php\/wp-json\/wp\/v2\/types\/page"}],"author":[{"embeddable":true,"href":"https:\/\/ceviklerglobal.com\/index.php\/wp-json\/wp\/v2\/users\/1"}],"replies":[{"embeddable":true,"href":"https:\/\/ceviklerglobal.com\/index.php\/wp-json\/wp\/v2\/comments?post=2910"}],"version-history":[{"count":10,"href":"https:\/\/ceviklerglobal.com\/index.php\/wp-json\/wp\/v2\/pages\/2910\/revisions"}],"predecessor-version":[{"id":3051,"href":"https:\/\/ceviklerglobal.com\/index.php\/wp-json\/wp\/v2\/pages\/2910\/revisions\/3051"}],"wp:attachment":[{"href":"https:\/\/ceviklerglobal.com\/index.php\/wp-json\/wp\/v2\/media?parent=2910"}],"curies":[{"name":"wp","href":"https:\/\/api.w.org\/{rel}","templated":true}]}}