{"id":2893,"date":"2022-09-03T16:45:17","date_gmt":"2022-09-03T13:45:17","guid":{"rendered":"https:\/\/ceviklerglobal.com\/?page_id=2893"},"modified":"2022-09-04T17:42:00","modified_gmt":"2022-09-04T14:42:00","slug":"yurtdisi-ithalat-ve-ihracat","status":"publish","type":"page","link":"https:\/\/ceviklerglobal.com\/index.php\/yurtdisi-ithalat-ve-ihracat\/","title":{"rendered":"\u0130thalat ve \u0130hracat"},"content":{"rendered":"\t\t<div data-elementor-type=\"wp-page\" data-elementor-id=\"2893\" class=\"elementor elementor-2893\">\n\t\t\t\t\t\t<div class=\"elementor-inner\">\n\t\t\t\t<div class=\"elementor-section-wrap\">\n\t\t\t\t\t\t\t\t\t<section class=\"elementor-section elementor-top-section elementor-element elementor-element-61bd29e elementor-section-boxed elementor-section-height-default elementor-section-height-default\" data-id=\"61bd29e\" data-element_type=\"section\">\n\t\t\t\t\t\t<div class=\"elementor-container elementor-column-gap-default\">\n\t\t\t\t\t\t\t<div class=\"elementor-row\">\n\t\t\t\t\t<div class=\"aux-parallax-section elementor-column elementor-col-100 elementor-top-column elementor-element elementor-element-31bc4c4\" data-id=\"31bc4c4\" data-element_type=\"column\">\n\t\t\t<div class=\"elementor-column-wrap elementor-element-populated\">\n\t\t\t\t\t\t\t<div class=\"elementor-widget-wrap\">\n\t\t\t\t\t\t<div class=\"elementor-element elementor-element-6d4ff85 aux-appear-watch-animation aux-fade-in-up elementor-widget elementor-widget-aux_modern_heading\" data-id=\"6d4ff85\" data-element_type=\"widget\" data-widget_type=\"aux_modern_heading.default\">\n\t\t\t\t<div class=\"elementor-widget-container\">\n\t\t\t<section class=\"aux-widget-modern-heading\">\n            <div class=\"aux-widget-inner\"><h2 class=\"aux-modern-heading-primary\">  <b>\u0130THALAT VE \u0130HRACAT<\/b> <\/b>   Hizmetleri\n<\/h2><div class=\"aux-modern-heading-divider\"><\/div><div class=\"aux-modern-heading-description\"><p class=\"first\"><strong>\u0130THALAT;<\/strong>\u00a0yurtd\u0131\u015f\u0131nda \u00fcretilmi\u015f bir mal\u0131n, \u00fclkedeki al\u0131c\u0131lar taraf\u0131ndan sat\u0131n al\u0131nmas\u0131na denir.\u00a0\u0130thalat\u0131n di\u011fer bir ad\u0131 da d\u0131\u015fal\u0131md\u0131r.<\/p><p class=\"first\"><strong>\u0130hracat,<\/strong>\u00a0bir mal\u0131n y\u00fcr\u00fcrl\u00fckteki ihracat mevzuat\u0131 ile g\u00fcmr\u00fck mevzuat\u0131na uygun \u015fekilde T\u00fcrkiye G\u00fcmr\u00fck B\u00f6lgesi d\u0131\u015f\u0131na veya serbest b\u00f6lgelere \u00e7\u0131kar\u0131lmas\u0131n\u0131 yada\u00a0D\u0131\u015f Ticaret M\u00fcste\u015farl\u0131\u011f\u0131\u2019nca ihracat olarak kabul edilecek sair \u00e7\u0131k\u0131\u015f ve i\u015flemleri ifade etmektedir.<\/p><\/div><\/div>\n        <\/section>\t\t<\/div>\n\t\t\t\t<\/div>\n\t\t\t\t\t\t<\/div>\n\t\t\t\t\t<\/div>\n\t\t<\/div>\n\t\t\t\t\t\t\t\t<\/div>\n\t\t\t\t\t<\/div>\n\t\t<\/section>\n\t\t\t\t<section class=\"elementor-section elementor-top-section elementor-element elementor-element-45b2b55 elementor-section-content-middle elementor-section-boxed elementor-section-height-default elementor-section-height-default\" data-id=\"45b2b55\" data-element_type=\"section\">\n\t\t\t\t\t\t<div class=\"elementor-container elementor-column-gap-no\">\n\t\t\t\t\t\t\t<div class=\"elementor-row\">\n\t\t\t\t\t<div class=\"aux-parallax-section elementor-column elementor-col-50 elementor-top-column elementor-element elementor-element-3d6f125\" data-id=\"3d6f125\" data-element_type=\"column\">\n\t\t\t<div class=\"elementor-column-wrap elementor-element-populated\">\n\t\t\t\t\t\t\t<div class=\"elementor-widget-wrap\">\n\t\t\t\t\t\t<div class=\"elementor-element elementor-element-6f96742 elementor-widget elementor-widget-aux_image\" data-id=\"6f96742\" data-element_type=\"widget\" data-widget_type=\"aux_image.default\">\n\t\t\t\t<div class=\"elementor-widget-container\">\n\t\t\t<section class=\"widget-container aux-widget-image aux-alignnone aux-parent-au41e06d57\">\n    <div class=\"aux-media-hint-frame \">\n        <div class=\"aux-media-image \" >\n        \n            \n\n            \n            <img loading=\"lazy\" decoding=\"async\" width=\"1024\" height=\"800\" src=\"image\/gif;base64,R0lGODlhAQABAIAAAAAAAP\/\/\/yH5BAEAAAAALAAAAAABAAEAAAIBRAA7\" class=\"aux-attachment aux-featured-image aux-attachment-id-2896 aux-preload aux-blank\" alt=\"r2\" data-ratio=\"1\" data-original-w=\"1600\" sizes=\"auto\" data-srcset=\"https:\/\/ceviklerglobal.com\/wp-content\/uploads\/2022\/09\/r2-150x150.jpg 150w,https:\/\/ceviklerglobal.com\/wp-content\/uploads\/2022\/09\/r2-300x300.jpg 300w,https:\/\/ceviklerglobal.com\/wp-content\/uploads\/2022\/09\/r2-768x768.jpg 768w,https:\/\/ceviklerglobal.com\/wp-content\/uploads\/2022\/09\/r2-1024x800.jpg 1024w,https:\/\/ceviklerglobal.com\/wp-content\/uploads\/2022\/09\/r2-1024x800.jpg 1024w\" data-src=\"https:\/\/ceviklerglobal.com\/wp-content\/uploads\/2022\/09\/r2-1024x800.jpg\" \/>            \n                <\/div>\n    <\/div>\n\n<\/section><!-- widget-container -->\t\t<\/div>\n\t\t\t\t<\/div>\n\t\t\t\t\t\t<\/div>\n\t\t\t\t\t<\/div>\n\t\t<\/div>\n\t\t\t\t<div class=\"aux-parallax-section elementor-column elementor-col-50 elementor-top-column elementor-element elementor-element-7756684\" data-id=\"7756684\" data-element_type=\"column\" data-settings=\"{&quot;background_background&quot;:&quot;classic&quot;}\">\n\t\t\t<div class=\"elementor-column-wrap elementor-element-populated\">\n\t\t\t\t\t\t\t<div class=\"elementor-widget-wrap\">\n\t\t\t\t\t\t<div class=\"elementor-element elementor-element-9eac930 aux-appear-watch-animation aux-fade-in-right elementor-widget elementor-widget-aux_modern_heading\" data-id=\"9eac930\" data-element_type=\"widget\" data-widget_type=\"aux_modern_heading.default\">\n\t\t\t\t<div class=\"elementor-widget-container\">\n\t\t\t<section class=\"aux-widget-modern-heading\">\n            <div class=\"aux-widget-inner\"><h2 class=\"aux-modern-heading-primary\">\u0130THALAT H\u0130ZMETLER\u0130\n<\/h2><div class=\"aux-modern-heading-divider\"><\/div><div class=\"aux-modern-heading-description\"><ul><li>\u0130thal konusu e\u015fya evraklar\u0131n\u0131n \u00f6nceden temini ve kontrol\u00fc.<\/li><li>Dahilde \u0130\u015fleme Rejimi uygulamalar\u0131.<\/li><li>T.C.G\u00fcmr\u00fck beyannamesini tanzim etmeden \u00f6nce e\u015fya hakk\u0131nda teredd\u00fct varsa k\u00fc\u015fat edilmesi.\u00a0G\u00fcmr\u00fck kabul ve tescil i\u015flemine ba\u015flayarak e\u015fyan\u0131n muayenesinin yap\u0131lmas\u0131.\u00a0<\/li><li>Ordino al\u0131m\u0131.<\/li><li>\u0130thal konusu e\u015fyan\u0131n GTIP\u2019 inin tespit edilmesi.<\/li><li>Talep halinde \u00f6n m\u00fcsaadelerin al\u0131nmas\u0131.\u00a0<\/li><li>Eksiklik hasar veya yanl\u0131\u015fl\u0131k varsa tutanaklar\u0131n\u0131n yap\u0131lmas\u0131, bilgi verilmesi gereken yerlerin bilgilendirilmesi, tahakkuklar\u0131n\u0131n yap\u0131larak teminat veya paras\u0131n\u0131n yat\u0131r\u0131lmas\u0131.\u00a0<\/li><li>Ge\u00e7ici ithalatta e\u015fyan\u0131n giri\u015finin yap\u0131lmas\u0131, al\u0131nan m\u00fcsaadelere uygun olarak, zaman\u0131nda ve firman\u0131n talimat\u0131 do\u011frultusunda \u00e7\u0131k\u0131\u015f\u0131n\u0131n yap\u0131lmas\u0131.\u00a0<\/li><li>Transit, \u00f6zel ve genel antrepo i\u015flemlerinin yap\u0131lmas\u0131.\u00a0<\/li><li>G\u00fcmr\u00fck vergi resim ve har\u00e7lar\u0131n\u0131n hesaplanmas\u0131 ve m\u00fc\u015fteriye bildirilmesi.\u00a0<\/li><li>Tahakkuklar\u0131n yap\u0131larak ilgili teminat veya vergi \u00f6demelerinin yap\u0131lmas\u0131.<\/li><li>\u0130lgili firman\u0131n vermi\u015f oldu\u011fu talimatta belirtilen adrese mal\u0131n fiziki teslimi.<\/li><li>Elektronik ar\u015fivleme.<\/li><\/ul><\/div><\/div>\n        <\/section>\t\t<\/div>\n\t\t\t\t<\/div>\n\t\t\t\t\t\t<\/div>\n\t\t\t\t\t<\/div>\n\t\t<\/div>\n\t\t\t\t\t\t\t\t<\/div>\n\t\t\t\t\t<\/div>\n\t\t<\/section>\n\t\t\t\t<section class=\"elementor-section elementor-top-section elementor-element elementor-element-6b08613 elementor-section-content-middle elementor-section-boxed elementor-section-height-default elementor-section-height-default\" data-id=\"6b08613\" data-element_type=\"section\">\n\t\t\t\t\t\t<div class=\"elementor-container elementor-column-gap-no\">\n\t\t\t\t\t\t\t<div class=\"elementor-row\">\n\t\t\t\t\t<div class=\"aux-parallax-section elementor-column elementor-col-50 elementor-top-column elementor-element elementor-element-6c04ba8\" data-id=\"6c04ba8\" data-element_type=\"column\">\n\t\t\t<div class=\"elementor-column-wrap elementor-element-populated\">\n\t\t\t\t\t\t\t<div class=\"elementor-widget-wrap\">\n\t\t\t\t\t\t<div class=\"elementor-element elementor-element-ec3bb3d elementor-widget elementor-widget-aux_image\" data-id=\"ec3bb3d\" data-element_type=\"widget\" data-widget_type=\"aux_image.default\">\n\t\t\t\t<div class=\"elementor-widget-container\">\n\t\t\t<section class=\"widget-container aux-widget-image aux-alignnone aux-parent-au08bbc791\">\n    <div class=\"aux-media-hint-frame \">\n        <div class=\"aux-media-image \" >\n        \n            \n\n            \n            <img loading=\"lazy\" decoding=\"async\" width=\"700\" height=\"466\" src=\"image\/gif;base64,R0lGODlhAQABAIAAAAAAAP\/\/\/yH5BAEAAAAALAAAAAABAAEAAAIBRAA7\" class=\"aux-attachment aux-featured-image aux-attachment-id-2873 aux-preload aux-blank\" alt=\"proje1\" data-ratio=\"1\" data-original-w=\"700\" sizes=\"auto\" data-srcset=\"https:\/\/ceviklerglobal.com\/wp-content\/uploads\/2022\/09\/proje1-150x150.jpg 150w,https:\/\/ceviklerglobal.com\/wp-content\/uploads\/2022\/09\/proje1-300x300.jpg 300w,https:\/\/ceviklerglobal.com\/wp-content\/uploads\/2022\/09\/proje1.jpg 700w\" data-src=\"https:\/\/ceviklerglobal.com\/wp-content\/uploads\/2022\/09\/proje1.jpg\" \/>            \n                <\/div>\n    <\/div>\n\n<\/section><!-- widget-container -->\t\t<\/div>\n\t\t\t\t<\/div>\n\t\t\t\t\t\t<\/div>\n\t\t\t\t\t<\/div>\n\t\t<\/div>\n\t\t\t\t<div class=\"aux-parallax-section elementor-column elementor-col-50 elementor-top-column elementor-element elementor-element-5b0237b\" data-id=\"5b0237b\" data-element_type=\"column\" data-settings=\"{&quot;background_background&quot;:&quot;classic&quot;}\">\n\t\t\t<div class=\"elementor-column-wrap elementor-element-populated\">\n\t\t\t\t\t\t\t<div class=\"elementor-widget-wrap\">\n\t\t\t\t\t\t<div class=\"elementor-element elementor-element-e3f476a aux-appear-watch-animation aux-fade-in-right elementor-widget elementor-widget-aux_modern_heading\" data-id=\"e3f476a\" data-element_type=\"widget\" data-widget_type=\"aux_modern_heading.default\">\n\t\t\t\t<div class=\"elementor-widget-container\">\n\t\t\t<section class=\"aux-widget-modern-heading\">\n            <div class=\"aux-widget-inner\"><h2 class=\"aux-modern-heading-primary\">\u0130HRACAT H\u0130ZMETLER\u0130\n<\/h2><div class=\"aux-modern-heading-divider\"><\/div><div class=\"aux-modern-heading-description\"><ul><li>\u0130hra\u00e7 edilecek e\u015fya ile ilgili olarak fizibilite \u00e7al\u0131\u015fmas\u0131n\u0131n yap\u0131lmas\u0131.<\/li><li>Hari\u00e7te \u0130\u015fleme Rejimi, Dahilde \u0130\u015fleme Uygulamalar\u0131 ve Telafi Edici Vergi.<\/li><li>A.TR, Eur-1 men\u015fe \u015fehadetnamesi, \u00fclke durumuna g\u00f6re konsolosluk tasdik i\u015flemlerinin vb. yap\u0131lmas\u0131.<\/li><li>Sa\u011fl\u0131k sertifikas\u0131, kontrol belgesi d\u00fczenlenmesi, gerekli izinlerin al\u0131nmas\u0131.<\/li><li>E\u015fyan\u0131n t\u00fcr\u00fcne g\u00f6re ilgili ihracat\u00e7\u0131 birliklerine \u00fcyelik i\u015flemlerinin yapt\u0131r\u0131lmas\u0131.<\/li><li>G\u00fcmr\u00fck M\u00fc\u015faviri taraf\u0131ndan d\u00fczenlenen vesaiklerin bankaya ve\/veya al\u0131c\u0131ya ula\u015ft\u0131r\u0131lmas\u0131.<\/li><li>Y\u00fcklenen ara\u00e7lar\u0131n g\u00fcmr\u00fck i\u015flemlerinin takibi.<\/li><li>\u0130hra\u00e7 edilecek e\u015fyan\u0131n g\u00fcmr\u00fck beyannamesinin d\u00fczenlenmesi ve operasyon i\u015flemlerinin tamamlanmas\u0131.<\/li><li>Vesaiklerin ta\u015f\u0131y\u0131c\u0131 firmaya teslimi.<\/li><li>Ge\u00e7ici ihracat i\u015flemleri ve s\u00fcrelerinin takibinin yap\u0131lmas\u0131.<\/li><li>G\u00fcmr\u00fck \u00e7\u0131k\u0131\u015f beyannamelerinin kapat\u0131lmas\u0131.<\/li><li>Kapat\u0131lan g\u00fcmr\u00fck \u00e7\u0131k\u0131\u015f beyannamelerinin ve evraklar\u0131n ihracat\u00e7\u0131 n\u00fcshas\u0131n\u0131n firmaya teslimi.<\/li><\/ul><\/div><\/div>\n        <\/section>\t\t<\/div>\n\t\t\t\t<\/div>\n\t\t\t\t\t\t<\/div>\n\t\t\t\t\t<\/div>\n\t\t<\/div>\n\t\t\t\t\t\t\t\t<\/div>\n\t\t\t\t\t<\/div>\n\t\t<\/section>\n\t\t\t\t<section class=\"elementor-section elementor-top-section elementor-element elementor-element-b68d94d elementor-section-content-middle elementor-section-boxed elementor-section-height-default elementor-section-height-default\" data-id=\"b68d94d\" data-element_type=\"section\">\n\t\t\t\t\t\t<div class=\"elementor-container elementor-column-gap-no\">\n\t\t\t\t\t\t\t<div class=\"elementor-row\">\n\t\t\t\t\t<div class=\"aux-parallax-section elementor-column elementor-col-50 elementor-top-column elementor-element elementor-element-912d3a3\" data-id=\"912d3a3\" data-element_type=\"column\">\n\t\t\t<div class=\"elementor-column-wrap elementor-element-populated\">\n\t\t\t\t\t\t\t<div class=\"elementor-widget-wrap\">\n\t\t\t\t\t\t<div class=\"elementor-element elementor-element-3f1e783 elementor-widget elementor-widget-aux_image\" data-id=\"3f1e783\" data-element_type=\"widget\" data-widget_type=\"aux_image.default\">\n\t\t\t\t<div class=\"elementor-widget-container\">\n\t\t\t<section class=\"widget-container aux-widget-image aux-alignnone aux-parent-au023870c6\">\n    <div class=\"aux-media-hint-frame \">\n        <div class=\"aux-media-image \" >\n        \n            \n\n            \n            <img loading=\"lazy\" decoding=\"async\" width=\"1024\" height=\"800\" src=\"image\/gif;base64,R0lGODlhAQABAIAAAAAAAP\/\/\/yH5BAEAAAAALAAAAAABAAEAAAIBRAA7\" class=\"aux-attachment aux-featured-image aux-attachment-id-2897 aux-preload aux-blank\" alt=\"r3\" data-ratio=\"1\" data-original-w=\"1600\" sizes=\"auto\" data-srcset=\"https:\/\/ceviklerglobal.com\/wp-content\/uploads\/2022\/09\/r3-150x150.jpg 150w,https:\/\/ceviklerglobal.com\/wp-content\/uploads\/2022\/09\/r3-300x300.jpg 300w,https:\/\/ceviklerglobal.com\/wp-content\/uploads\/2022\/09\/r3-768x768.jpg 768w,https:\/\/ceviklerglobal.com\/wp-content\/uploads\/2022\/09\/r3-1024x800.jpg 1024w,https:\/\/ceviklerglobal.com\/wp-content\/uploads\/2022\/09\/r3-1024x800.jpg 1024w\" data-src=\"https:\/\/ceviklerglobal.com\/wp-content\/uploads\/2022\/09\/r3-1024x800.jpg\" \/>            \n                <\/div>\n    <\/div>\n\n<\/section><!-- widget-container -->\t\t<\/div>\n\t\t\t\t<\/div>\n\t\t\t\t\t\t<\/div>\n\t\t\t\t\t<\/div>\n\t\t<\/div>\n\t\t\t\t<div class=\"aux-parallax-section elementor-column elementor-col-50 elementor-top-column elementor-element elementor-element-78d223a\" data-id=\"78d223a\" data-element_type=\"column\" data-settings=\"{&quot;background_background&quot;:&quot;classic&quot;}\">\n\t\t\t<div class=\"elementor-column-wrap elementor-element-populated\">\n\t\t\t\t\t\t\t<div class=\"elementor-widget-wrap\">\n\t\t\t\t\t\t<div class=\"elementor-element elementor-element-10a256a aux-appear-watch-animation aux-fade-in-right elementor-widget elementor-widget-aux_modern_heading\" data-id=\"10a256a\" data-element_type=\"widget\" data-widget_type=\"aux_modern_heading.default\">\n\t\t\t\t<div class=\"elementor-widget-container\">\n\t\t\t<section class=\"aux-widget-modern-heading\">\n            <div class=\"aux-widget-inner\"><h2 class=\"aux-modern-heading-primary\">DANI\u015eMANLIK H\u0130ZMETLER\u0130\n<\/h2><div class=\"aux-modern-heading-divider\"><\/div><div class=\"aux-modern-heading-description\"><ul><li>Te\u015fvik mevzuat\u0131 dan\u0131\u015fmanl\u0131\u011f\u0131,<\/li><li>G\u00fcmr\u00fck rejimleri dan\u0131\u015fmanl\u0131\u011f\u0131,<\/li><li>Yat\u0131r\u0131m te\u015fvik belgesi dan\u0131\u015fmanl\u0131\u011f\u0131,<\/li><li>D\u0131\u015f ticaret mevzuat\u0131 dan\u0131\u015fmanl\u0131\u011f\u0131,<\/li><li>Basitle\u015ftirilmi\u015f usul, onaylanm\u0131\u015f ki\u015fi stat\u00fcs\u00fc belgesi (OKSB) dan\u0131\u015fmanl\u0131\u011f\u0131,<\/li><li>\u0130thalat, ihracat, kambiyo, men\u015fe kurallar\u0131 mevzuat\u0131 dan\u0131\u015fmanl\u0131\u011f\u0131,<\/li><li>\u0130thalat i\u015flemleri i\u00e7in gerekli kontrol belgesi, g\u00f6zetim belgesi, belgelerinin \u00e7\u0131kart\u0131lmas\u0131 i\u00e7in dan\u0131\u015fmanl\u0131k hizmeti sa\u011flamak,<\/li><li>Serbest b\u00f6lge mevzuat\u0131 dan\u0131\u015fmanl\u0131\u011f\u0131.<\/li><\/ul><\/div><\/div>\n        <\/section>\t\t<\/div>\n\t\t\t\t<\/div>\n\t\t\t\t\t\t<\/div>\n\t\t\t\t\t<\/div>\n\t\t<\/div>\n\t\t\t\t\t\t\t\t<\/div>\n\t\t\t\t\t<\/div>\n\t\t<\/section>\n\t\t\t\t<section class=\"elementor-section elementor-top-section elementor-element elementor-element-466a185 elementor-section-boxed elementor-section-height-default elementor-section-height-default\" data-id=\"466a185\" data-element_type=\"section\">\n\t\t\t\t\t\t<div class=\"elementor-container elementor-column-gap-default\">\n\t\t\t\t\t\t\t<div class=\"elementor-row\">\n\t\t\t\t\t<div class=\"aux-parallax-section elementor-column elementor-col-100 elementor-top-column elementor-element elementor-element-1a4d7dd\" data-id=\"1a4d7dd\" data-element_type=\"column\">\n\t\t\t<div class=\"elementor-column-wrap\">\n\t\t\t\t\t\t\t<div class=\"elementor-widget-wrap\">\n\t\t\t\t\t\t\t\t<\/div>\n\t\t\t\t\t<\/div>\n\t\t<\/div>\n\t\t\t\t\t\t\t\t<\/div>\n\t\t\t\t\t<\/div>\n\t\t<\/section>\n\t\t\t\t<section class=\"elementor-section elementor-top-section elementor-element elementor-element-0030fd5 elementor-section-boxed elementor-section-height-default elementor-section-height-default\" data-id=\"0030fd5\" data-element_type=\"section\">\n\t\t\t\t\t\t<div class=\"elementor-container elementor-column-gap-default\">\n\t\t\t\t\t\t\t<div class=\"elementor-row\">\n\t\t\t\t\t<div class=\"aux-parallax-section elementor-column elementor-col-100 elementor-top-column elementor-element elementor-element-69d9b89\" data-id=\"69d9b89\" data-element_type=\"column\">\n\t\t\t<div class=\"elementor-column-wrap elementor-element-populated\">\n\t\t\t\t\t\t\t<div class=\"elementor-widget-wrap\">\n\t\t\t\t\t\t<div class=\"elementor-element elementor-element-6560ce1 aux-appear-watch-animation aux-fade-in-up elementor-widget elementor-widget-aux_modern_heading\" data-id=\"6560ce1\" data-element_type=\"widget\" data-widget_type=\"aux_modern_heading.default\">\n\t\t\t\t<div class=\"elementor-widget-container\">\n\t\t\t<section class=\"aux-widget-modern-heading\">\n            <div class=\"aux-widget-inner\"><h2 class=\"aux-modern-heading-primary\">Yurti\u00e7i Yurtd\u0131\u015f\u0131 <b>  \u0130thalat &amp; \u0130hracat<\/b> Projeleri<\/b> \u0130\u00e7in<\/h2><div class=\"aux-modern-heading-divider\"><\/div><\/div>\n        <\/section>\t\t<\/div>\n\t\t\t\t<\/div>\n\t\t\t\t<div class=\"elementor-element elementor-element-5e3f38a elementor-widget elementor-widget-prim_basic_button\" data-id=\"5e3f38a\" data-element_type=\"widget\" data-widget_type=\"prim_basic_button.default\">\n\t\t\t\t<div class=\"elementor-widget-container\">\n\t\t\t<div class=\"napae-btn-wrap\"><a href=\"https:\/\/ceviklerglobal.com\/index.php\/iletisim\/\" class=\"napae-btn\"  >Bize Ula\u015f\u0131n<\/a><\/div>\t\t<\/div>\n\t\t\t\t<\/div>\n\t\t\t\t\t\t<\/div>\n\t\t\t\t\t<\/div>\n\t\t<\/div>\n\t\t\t\t\t\t\t\t<\/div>\n\t\t\t\t\t<\/div>\n\t\t<\/section>\n\t\t\t\t\t\t\t\t\t<\/div>\n\t\t\t<\/div>\n\t\t\t\t\t<\/div>\n\t\t","protected":false},"excerpt":{"rendered":"<p>\u0130THALAT VE \u0130HRACAT Hizmetleri \u0130THALAT;\u00a0yurtd\u0131\u015f\u0131nda \u00fcretilmi\u015f bir mal\u0131n, \u00fclkedeki al\u0131c\u0131lar taraf\u0131ndan sat\u0131n al\u0131nmas\u0131na denir.\u00a0\u0130thalat\u0131n di\u011fer bir ad\u0131 da d\u0131\u015fal\u0131md\u0131r. \u0130hracat,\u00a0bir mal\u0131n y\u00fcr\u00fcrl\u00fckteki ihracat mevzuat\u0131 ile g\u00fcmr\u00fck mevzuat\u0131na uygun \u015fekilde T\u00fcrkiye G\u00fcmr\u00fck B\u00f6lgesi d\u0131\u015f\u0131na veya serbest b\u00f6lgelere \u00e7\u0131kar\u0131lmas\u0131n\u0131 yada\u00a0D\u0131\u015f Ticaret M\u00fcste\u015farl\u0131\u011f\u0131\u2019nca ihracat olarak kabul edilecek sair \u00e7\u0131k\u0131\u015f ve i\u015flemleri ifade etmektedir. \u0130THALAT H\u0130ZMETLER\u0130 \u0130thal konusu e\u015fya&#8230;<\/p>\n","protected":false},"author":1,"featured_media":0,"parent":0,"menu_order":0,"comment_status":"closed","ping_status":"closed","template":"","meta":{"footnotes":""},"class_list":["post-2893","page","type-page","status-publish","hentry"],"_links":{"self":[{"href":"https:\/\/ceviklerglobal.com\/index.php\/wp-json\/wp\/v2\/pages\/2893","targetHints":{"allow":["GET"]}}],"collection":[{"href":"https:\/\/ceviklerglobal.com\/index.php\/wp-json\/wp\/v2\/pages"}],"about":[{"href":"https:\/\/ceviklerglobal.com\/index.php\/wp-json\/wp\/v2\/types\/page"}],"author":[{"embeddable":true,"href":"https:\/\/ceviklerglobal.com\/index.php\/wp-json\/wp\/v2\/users\/1"}],"replies":[{"embeddable":true,"href":"https:\/\/ceviklerglobal.com\/index.php\/wp-json\/wp\/v2\/comments?post=2893"}],"version-history":[{"count":20,"href":"https:\/\/ceviklerglobal.com\/index.php\/wp-json\/wp\/v2\/pages\/2893\/revisions"}],"predecessor-version":[{"id":3052,"href":"https:\/\/ceviklerglobal.com\/index.php\/wp-json\/wp\/v2\/pages\/2893\/revisions\/3052"}],"wp:attachment":[{"href":"https:\/\/ceviklerglobal.com\/index.php\/wp-json\/wp\/v2\/media?parent=2893"}],"curies":[{"name":"wp","href":"https:\/\/api.w.org\/{rel}","templated":true}]}}